{"id":1064,"date":"2021-09-21T12:32:30","date_gmt":"2021-09-21T12:32:30","guid":{"rendered":"https:\/\/www.washateriaworld.com\/lavado-y-plegado-de-servicio-completo\/"},"modified":"2025-10-18T17:20:48","modified_gmt":"2025-10-18T17:20:48","slug":"lavado-y-plegado-de-servicio-completo","status":"publish","type":"page","link":"https:\/\/www.washateriaworld.com\/es\/lavado-y-plegado-de-servicio-completo\/","title":{"rendered":"Lavado y plegado de servicio completo"},"content":{"rendered":"<p>[et_pb_section fb_built=\u00bb1&#8243; _builder_version=\u00bb4.16&#8243; _module_preset=\u00bbdefault\u00bb background_image=\u00bbhttps:\/\/www.washateriaworld.com\/wp-content\/uploads\/2021\/09\/pexels-pixabay-325876-scaled.jpg\u00bb custom_padding=\u00bb120px||120px||false|false\u00bb global_colors_info=\u00bb{}\u00bb][et_pb_row _builder_version=\u00bb4.16&#8243; _module_preset=\u00bbdefault\u00bb global_colors_info=\u00bb{}\u00bb][et_pb_column type=\u00bb4_4&#8243; _builder_version=\u00bb4.16&#8243; _module_preset=\u00bbdefault\u00bb global_colors_info=\u00bb{}\u00bb][et_pb_text _builder_version=\u00bb4.16&#8243; _module_preset=\u00bbdefault\u00bb text_font=\u00bbSalsa||||||||\u00bb text_text_color=\u00bb#FFFFFF\u00bb text_font_size=\u00bb50px\u00bb text_orientation=\u00bbcenter\u00bb text_font_size_tablet=\u00bb\u00bb text_font_size_phone=\u00bb26px\u00bb text_font_size_last_edited=\u00bbon|phone\u00bb global_colors_info=\u00bb{}\u00bb]<\/p>\n<p>Lavado y plegado de servicio completo<\/p>\n<p>[\/et_pb_text][\/et_pb_column][\/et_pb_row][\/et_pb_section][et_pb_section fb_built=\u00bb1&#8243; _builder_version=\u00bb4.16&#8243; _module_preset=\u00bbdefault\u00bb global_colors_info=\u00bb{}\u00bb][et_pb_row _builder_version=\u00bb4.16&#8243; _module_preset=\u00bbdefault\u00bb min_height=\u00bb116px\u00bb custom_margin=\u00bb|auto|11px|auto||\u00bb global_colors_info=\u00bb{}\u00bb][et_pb_column type=\u00bb4_4&#8243; _builder_version=\u00bb4.16&#8243; _module_preset=\u00bbdefault\u00bb global_colors_info=\u00bb{}\u00bb][et_pb_text _builder_version=\u00bb4.27.4&#8243; _module_preset=\u00bbdefault\u00bb text_text_color=\u00bb#161414&#8243; text_font_size=\u00bb17px\u00bb global_colors_info=\u00bb{}\u00bb]<\/p>\n<p>\u00bfNo tienes el tiempo o la energ\u00eda para terminar de lavar la ropa esta semana? Ll\u00e9velo y aproveche nuestro servicio completo de lavado y plegado. Es r\u00e1pido, asequible y una excelente manera de eliminar una tarea dif\u00edcil de su lista de tareas pendientes.<\/p>\n<p>A los clientes les encanta poder dejar su ropa con nosotros. Eso es porque hacemos un esfuerzo adicional con&#8230;<\/p>\n<p>[\/et_pb_text][\/et_pb_column][\/et_pb_row][et_pb_row column_structure=\u00bb1_2,1_2&#8243; make_equal=\u00bbon\u00bb _builder_version=\u00bb4.27.4&#8243; _module_preset=\u00bbdefault\u00bb global_colors_info=\u00bb{}\u00bb][et_pb_column type=\u00bb1_2&#8243; _builder_version=\u00bb4.16&#8243; _module_preset=\u00bbdefault\u00bb global_colors_info=\u00bb{}\u00bb][et_pb_text _builder_version=\u00bb4.27.4&#8243; _module_preset=\u00bbdefault\u00bb text_text_color=\u00bb#161414&#8243; text_font_size=\u00bb17px\u00bb header_3_font=\u00bbSalsa||||||||\u00bb header_3_text_align=\u00bbcenter\u00bb header_3_font_size=\u00bb26px\u00bb text_orientation=\u00bbcenter\u00bb custom_padding=\u00bb40px|40px|40px|40px|true|true\u00bb border_radii=\u00bbon|2px|2px|2px|2px\u00bb border_width_all=\u00bb1px\u00bb border_color_all=\u00bb#caedfa\u00bb global_colors_info=\u00bb{}\u00bb header_3_text_color=\u00bb#133547&#8243; use_background_color_gradient=\u00bbon\u00bb background_color_gradient_direction=\u00bb82deg\u00bb background_color_gradient_stops=\u00bb#ffffff 0%|#cceffc 100%\u00bb background_color_gradient_start=\u00bb#ffffff\u00bb background_color_gradient_end=\u00bb#cceffc\u00bb background_image=\u00bbhttps:\/\/www.washateriaworld.com\/wp-content\/uploads\/2021\/09\/aboutbg.png\u00bb background_size=\u00bbcontain\u00bb background_position=\u00bbcenter_left\u00bb min_height=\u00bb340px\u00bb box_shadow_style=\u00bbpreset3&#8243;]<\/p>\n<h3>Servicio R\u00e1pido y Asequible<\/h3>\n<p>Contamos con un equipo dedicado que utiliza los mejores equipos. Eso significa que podemos terminar su ropa m\u00e1s r\u00e1pida y f\u00e1cilmente que en su casa. No solo est\u00e1n disponibles las entregas el mismo d\u00eda y al d\u00eda siguiente, sino que dejar la ropa sucia probablemente cueste mucho menos de lo que piensa.<\/p>\n<p>[\/et_pb_text][\/et_pb_column][et_pb_column type=\u00bb1_2&#8243; _builder_version=\u00bb4.16&#8243; _module_preset=\u00bbdefault\u00bb global_colors_info=\u00bb{}\u00bb][et_pb_text _builder_version=\u00bb4.27.4&#8243; _module_preset=\u00bbdefault\u00bb text_text_color=\u00bb#161414&#8243; text_font_size=\u00bb17px\u00bb header_3_font=\u00bbSalsa||||||||\u00bb header_3_text_align=\u00bbcenter\u00bb header_3_font_size=\u00bb26px\u00bb text_orientation=\u00bbcenter\u00bb custom_padding=\u00bb40px|40px|40px|40px|true|true\u00bb border_radii=\u00bbon|2px|2px|2px|2px\u00bb border_width_all=\u00bb1px\u00bb border_color_all=\u00bb#caedfa\u00bb global_colors_info=\u00bb{}\u00bb header_3_text_color=\u00bb#133547&#8243; use_background_color_gradient=\u00bbon\u00bb background_color_gradient_direction=\u00bb82deg\u00bb background_color_gradient_stops=\u00bb#ffffff 0%|#cceffc 100%\u00bb background_color_gradient_start=\u00bb#ffffff\u00bb background_color_gradient_end=\u00bb#cceffc\u00bb background_image=\u00bbhttps:\/\/www.washateriaworld.com\/wp-content\/uploads\/2021\/09\/aboutbg.png\u00bb background_size=\u00bbcontain\u00bb background_position=\u00bbcenter_left\u00bb min_height=\u00bb340px\u00bb box_shadow_style=\u00bbpreset3&#8243;]<\/p>\n<h3>Cuidado personal de un equipo experimentado<\/h3>\n<p>La mayor\u00eda de los empleados de Washateria World han estado con nosotros por m\u00e1s de 10 a\u00f1os. Ellos saben c\u00f3mo obtener los detalles correctos. Desde el tratamiento de manchas dif\u00edciles hasta los detalles de plegado y embolsado. \u00bfTienes una petici\u00f3n especial? Solo h\u00e1ganoslo saber.<\/p>\n<p>[\/et_pb_text][\/et_pb_column][\/et_pb_row][et_pb_row column_structure=\u00bb1_2,1_2&#8243; make_equal=\u00bbon\u00bb _builder_version=\u00bb4.27.4&#8243; _module_preset=\u00bbdefault\u00bb global_colors_info=\u00bb{}\u00bb][et_pb_column type=\u00bb1_2&#8243; _builder_version=\u00bb4.16&#8243; _module_preset=\u00bbdefault\u00bb global_colors_info=\u00bb{}\u00bb][et_pb_text _builder_version=\u00bb4.27.4&#8243; _module_preset=\u00bbdefault\u00bb text_text_color=\u00bb#161414&#8243; text_font_size=\u00bb17px\u00bb header_3_font=\u00bbSalsa||||||||\u00bb header_3_text_align=\u00bbcenter\u00bb header_3_font_size=\u00bb26px\u00bb text_orientation=\u00bbcenter\u00bb custom_padding=\u00bb40px|40px|40px|40px|true|true\u00bb border_radii=\u00bbon|2px|2px|2px|2px\u00bb border_width_all=\u00bb1px\u00bb border_color_all=\u00bb#caedfa\u00bb global_colors_info=\u00bb{}\u00bb header_3_text_color=\u00bb#133547&#8243; use_background_color_gradient=\u00bbon\u00bb background_color_gradient_direction=\u00bb82deg\u00bb background_color_gradient_stops=\u00bb#ffffff 0%|#cceffc 100%\u00bb background_color_gradient_start=\u00bb#ffffff\u00bb background_color_gradient_end=\u00bb#cceffc\u00bb background_image=\u00bbhttps:\/\/www.washateriaworld.com\/wp-content\/uploads\/2021\/09\/aboutbg.png\u00bb background_size=\u00bbcontain\u00bb background_position=\u00bbcenter_left\u00bb min_height=\u00bb340px\u00bb box_shadow_style=\u00bbpreset3&#8243;]<\/p>\n<h3>Jabones y Productos Premium<\/h3>\n<p>Utilizamos detergentes y suavizantes de primera calidad para hacer frente a la ropa de trabajo m\u00e1s dura. Eso es porque sabemos que el jab\u00f3n para ropa y el suavizante de telas adecuados pueden marcar la diferencia, especialmente si tiene manchas dif\u00edciles de trabajos como la construcci\u00f3n. Solo usamos lo mejor para que tu ropa se sienta nueva otra vez.<\/p>\n<p>[\/et_pb_text][\/et_pb_column][et_pb_column type=\u00bb1_2&#8243; _builder_version=\u00bb4.16&#8243; _module_preset=\u00bbdefault\u00bb global_colors_info=\u00bb{}\u00bb][et_pb_text _builder_version=\u00bb4.27.4&#8243; _module_preset=\u00bbdefault\u00bb text_text_color=\u00bb#161414&#8243; text_font_size=\u00bb17px\u00bb header_3_font=\u00bbSalsa||||||||\u00bb header_3_text_align=\u00bbcenter\u00bb header_3_font_size=\u00bb26px\u00bb text_orientation=\u00bbcenter\u00bb custom_padding=\u00bb40px|40px|40px|40px|true|true\u00bb border_radii=\u00bbon|2px|2px|2px|2px\u00bb border_width_all=\u00bb1px\u00bb border_color_all=\u00bb#caedfa\u00bb global_colors_info=\u00bb{}\u00bb header_3_text_color=\u00bb#133547&#8243; use_background_color_gradient=\u00bbon\u00bb background_color_gradient_direction=\u00bb82deg\u00bb background_color_gradient_stops=\u00bb#ffffff 0%|#cceffc 100%\u00bb background_color_gradient_start=\u00bb#ffffff\u00bb background_color_gradient_end=\u00bb#cceffc\u00bb background_image=\u00bbhttps:\/\/www.washateriaworld.com\/wp-content\/uploads\/2021\/09\/aboutbg.png\u00bb background_size=\u00bbcontain\u00bb background_position=\u00bbcenter_left\u00bb min_height=\u00bb340px\u00bb box_shadow_style=\u00bbpreset3&#8243;]<\/p>\n<h3>Plegado y embolsado<\/h3>\n<p>Si alguna vez ha recibido ropa de una lavander\u00eda que estaba mal doblada o embolsada incorrectamente, entonces sabe por qu\u00e9 los toques finales son tan importantes. Nuestros empleados tienen d\u00e9cadas de experiencia en lavadoras y saben c\u00f3mo obtener los detalles, desde la eliminaci\u00f3n de manchas hasta el doblado, siempre correctamente.<\/p>\n<p>[\/et_pb_text][\/et_pb_column][\/et_pb_row][et_pb_row _builder_version=\u00bb4.16&#8243; _module_preset=\u00bbdefault\u00bb min_height=\u00bb116px\u00bb custom_margin=\u00bb|auto|11px|auto||\u00bb global_colors_info=\u00bb{}\u00bb][et_pb_column type=\u00bb4_4&#8243; _builder_version=\u00bb4.16&#8243; _module_preset=\u00bbdefault\u00bb global_colors_info=\u00bb{}\u00bb][et_pb_text _builder_version=\u00bb4.16&#8243; _module_preset=\u00bbdefault\u00bb text_text_color=\u00bb#161414&#8243; text_font_size=\u00bb17px\u00bb global_colors_info=\u00bb{}\u00bb]<\/p>\n<p>Si no ha probado el servicio de lavado y plegado en el pasado, o s\u00f3lo lo ha obtenido de otro lavadero del \u00e1rea de Houston o Pasadena, entonces se debe a s\u00ed mismo darnos una oportunidad. \u00a1Vis\u00edtenos hoy y vea lo f\u00e1cil que es que nos ocupemos de todo!<\/p>\n<p>[\/et_pb_text][\/et_pb_column][\/et_pb_row][\/et_pb_section]<\/p>\n","protected":false},"excerpt":{"rendered":"<p>Lavado y plegado de servicio completo\u00bfNo tienes el tiempo o la energ\u00eda para terminar de lavar la ropa esta semana? Ll\u00e9velo y aproveche nuestro servicio completo de lavado y plegado. Es r\u00e1pido, asequible y una excelente manera de eliminar una tarea dif\u00edcil de su lista de tareas pendientes. A los clientes les encanta poder dejar su ropa con nosotros. Eso es porque hacemos un esfuerzo adicional con&#8230;Servicio R\u00e1pido y Asequible Contamos con un equipo dedicado que utiliza los mejores equipos. Eso significa que podemos terminar su ropa m\u00e1s r\u00e1pida y f\u00e1cilmente que en su casa. No solo est\u00e1n disponibles las entregas el mismo d\u00eda y al d\u00eda siguiente, sino que dejar la ropa sucia probablemente cueste mucho menos de lo que piensa.Cuidado personal de un equipo experimentado La mayor\u00eda de los empleados de Washateria World han estado con nosotros por m\u00e1s de 10 a\u00f1os. Ellos saben c\u00f3mo obtener los detalles correctos. Desde el tratamiento de manchas dif\u00edciles hasta los detalles de plegado y embolsado. \u00bfTienes una petici\u00f3n especial? Solo h\u00e1ganoslo saber.Jabones y Productos Premium Utilizamos detergentes y suavizantes de primera calidad para hacer frente a la ropa de trabajo m\u00e1s dura. Eso es porque sabemos que el jab\u00f3n para ropa [&hellip;]<\/p>\n","protected":false},"author":1,"featured_media":0,"parent":0,"menu_order":0,"comment_status":"closed","ping_status":"closed","template":"","meta":{"_et_pb_use_builder":"on","_et_pb_old_content":"","_et_gb_content_width":"","footnotes":""},"class_list":["post-1064","page","type-page","status-publish","hentry"],"_links":{"self":[{"href":"https:\/\/www.washateriaworld.com\/es\/wp-json\/wp\/v2\/pages\/1064","targetHints":{"allow":["GET"]}}],"collection":[{"href":"https:\/\/www.washateriaworld.com\/es\/wp-json\/wp\/v2\/pages"}],"about":[{"href":"https:\/\/www.washateriaworld.com\/es\/wp-json\/wp\/v2\/types\/page"}],"author":[{"embeddable":true,"href":"https:\/\/www.washateriaworld.com\/es\/wp-json\/wp\/v2\/users\/1"}],"replies":[{"embeddable":true,"href":"https:\/\/www.washateriaworld.com\/es\/wp-json\/wp\/v2\/comments?post=1064"}],"version-history":[{"count":0,"href":"https:\/\/www.washateriaworld.com\/es\/wp-json\/wp\/v2\/pages\/1064\/revisions"}],"wp:attachment":[{"href":"https:\/\/www.washateriaworld.com\/es\/wp-json\/wp\/v2\/media?parent=1064"}],"curies":[{"name":"wp","href":"https:\/\/api.w.org\/{rel}","templated":true}]}}