{"id":1069,"date":"2021-09-21T12:33:05","date_gmt":"2021-09-21T12:33:05","guid":{"rendered":"https:\/\/www.washateriaworld.com\/recogida-y-entrega-de-lavanderia-comercial\/"},"modified":"2025-10-18T22:11:39","modified_gmt":"2025-10-18T22:11:39","slug":"recogida-y-entrega-de-lavanderia-comercial","status":"publish","type":"page","link":"https:\/\/www.washateriaworld.com\/es\/recogida-y-entrega-de-lavanderia-comercial\/","title":{"rendered":"Servicios de lavander\u00eda comercial"},"content":{"rendered":"<p>[et_pb_section fb_built=\u00bb1&#8243; _builder_version=\u00bb4.16&#8243; _module_preset=\u00bbdefault\u00bb background_image=\u00bbhttps:\/\/www.washateriaworld.com\/wp-content\/uploads\/2021\/09\/pexels-pixabay-325876-scaled.jpg\u00bb custom_padding=\u00bb120px||120px||false|false\u00bb global_colors_info=\u00bb{}\u00bb][et_pb_row _builder_version=\u00bb4.16&#8243; _module_preset=\u00bbdefault\u00bb global_colors_info=\u00bb{}\u00bb][et_pb_column type=\u00bb4_4&#8243; _builder_version=\u00bb4.16&#8243; _module_preset=\u00bbdefault\u00bb global_colors_info=\u00bb{}\u00bb][et_pb_text _builder_version=\u00bb4.27.4&#8243; _module_preset=\u00bbdefault\u00bb text_font=\u00bbSalsa||||||||\u00bb text_text_color=\u00bb#FFFFFF\u00bb text_font_size=\u00bb50px\u00bb text_orientation=\u00bbcenter\u00bb text_font_size_tablet=\u00bb\u00bb text_font_size_phone=\u00bb26px\u00bb text_font_size_last_edited=\u00bbon|phone\u00bb global_colors_info=\u00bb{}\u00bb]<\/p>\n<p>Servicios de lavander\u00eda comercial<\/p>\n<p>[\/et_pb_text][\/et_pb_column][\/et_pb_row][\/et_pb_section][et_pb_section fb_built=\u00bb1&#8243; _builder_version=\u00bb4.16&#8243; _module_preset=\u00bbdefault\u00bb global_colors_info=\u00bb{}\u00bb][et_pb_row _builder_version=\u00bb4.16&#8243; _module_preset=\u00bbdefault\u00bb min_height=\u00bb3px\u00bb global_colors_info=\u00bb{}\u00bb][et_pb_column type=\u00bb4_4&#8243; _builder_version=\u00bb4.16&#8243; _module_preset=\u00bbdefault\u00bb global_colors_info=\u00bb{}\u00bb][et_pb_text _builder_version=\u00bb4.16&#8243; _module_preset=\u00bbdefault\u00bb text_text_color=\u00bb#161414&#8243; text_font_size=\u00bb17px\u00bb global_colors_info=\u00bb{}\u00bb]<\/p>\n<p><img loading=\"lazy\" decoding=\"async\" class=\"wp-image-192 alignnone size-full\" style=\"float: right;\" src=\"https:\/\/washworld.wpengine.com\/wp-content\/uploads\/2021\/09\/img3-1.png\" alt=\"\" width=\"154\" height=\"160\">Si tiene un hotel, restaurante u otro negocio que genera mucha ropa, entonces podemos ayudarlo. Ofrecemos opciones de lavander\u00eda de servicio completo para docenas de tipos de negocios, incluidos alquileres de vacaciones, bed and breakfast, salones, spas y estudios de yoga. Deja que lavemos tus toallas, s\u00e1banas, s\u00e1banas o lo que necesites para que puedas concentrarte en tu negocio.<\/p>\n<p>&nbsp;<\/p>\n<p>&nbsp;<\/p>\n<p>[\/et_pb_text][\/et_pb_column][\/et_pb_row][et_pb_row column_structure=\u00bb1_2,1_2&#8243; _builder_version=\u00bb4.16&#8243; _module_preset=\u00bbdefault\u00bb global_colors_info=\u00bb{}\u00bb][et_pb_column type=\u00bb1_2&#8243; _builder_version=\u00bb4.16&#8243; _module_preset=\u00bbdefault\u00bb global_colors_info=\u00bb{}\u00bb][et_pb_text _builder_version=\u00bb4.27.4&#8243; _module_preset=\u00bbdefault\u00bb text_text_color=\u00bb#161414&#8243; text_font_size=\u00bb17px\u00bb header_3_font=\u00bbSalsa||||||||\u00bb header_3_text_align=\u00bbcenter\u00bb header_3_text_color=\u00bb#133547&#8243; header_3_font_size=\u00bb26px\u00bb use_background_color_gradient=\u00bbon\u00bb background_color_gradient_direction=\u00bb82deg\u00bb background_color_gradient_stops=\u00bb#ffffff 0%|#cceffc 100%\u00bb background_color_gradient_start=\u00bb#ffffff\u00bb background_color_gradient_end=\u00bb#cceffc\u00bb background_image=\u00bbhttps:\/\/www.washateriaworld.com\/wp-content\/uploads\/2021\/09\/aboutbg.png\u00bb background_size=\u00bbcontain\u00bb background_position=\u00bbcenter_left\u00bb text_orientation=\u00bbcenter\u00bb min_height=\u00bb340px\u00bb custom_padding=\u00bb40px|40px|40px|40px|true|true\u00bb border_radii=\u00bbon|2px|2px|2px|2px\u00bb border_width_all=\u00bb1px\u00bb border_color_all=\u00bb#caedfa\u00bb box_shadow_style=\u00bbpreset3&#8243; global_colors_info=\u00bb{}\u00bb]<\/p>\n<h3>Lavander\u00eda conveniente<\/h3>\n<p>La mayor\u00eda de los due\u00f1os y gerentes de negocios aprenden r\u00e1pidamente que no es efectivo (o rentable) tener un peque\u00f1o personal operando lavadoras costosas y poco confiables las 24 horas del d\u00eda. Seamos realistas, las m\u00e1quinas se rompen con frecuencia y necesitan mantenimiento. Las llamadas de servicio t\u00e9cnico son costosas, consumen mucho tiempo y pueden ponerlo en un aprieto cuando necesite su ropa ahora. Podemos eliminar esas molestias de su vida y de su negocio para siempre.<\/p>\n<p>[\/et_pb_text][\/et_pb_column][et_pb_column type=\u00bb1_2&#8243; _builder_version=\u00bb4.16&#8243; _module_preset=\u00bbdefault\u00bb global_colors_info=\u00bb{}\u00bb][et_pb_text _builder_version=\u00bb4.27.4&#8243; _module_preset=\u00bbdefault\u00bb text_text_color=\u00bb#161414&#8243; text_font_size=\u00bb17px\u00bb header_3_font=\u00bbSalsa||||||||\u00bb header_3_text_align=\u00bbcenter\u00bb header_3_text_color=\u00bb#133547&#8243; header_3_font_size=\u00bb26px\u00bb use_background_color_gradient=\u00bbon\u00bb background_color_gradient_direction=\u00bb82deg\u00bb background_color_gradient_stops=\u00bb#ffffff 0%|#cceffc 100%\u00bb background_color_gradient_start=\u00bb#ffffff\u00bb background_color_gradient_end=\u00bb#cceffc\u00bb background_image=\u00bbhttps:\/\/www.washateriaworld.com\/wp-content\/uploads\/2021\/09\/aboutbg.png\u00bb background_size=\u00bbcontain\u00bb background_position=\u00bbcenter_left\u00bb text_orientation=\u00bbcenter\u00bb min_height=\u00bb340px\u00bb custom_padding=\u00bb40px|40px|40px|40px|true|true\u00bb border_radii=\u00bbon|2px|2px|2px|2px\u00bb border_width_all=\u00bb1px\u00bb border_color_all=\u00bb#caedfa\u00bb box_shadow_style=\u00bbpreset3&#8243; global_colors_info=\u00bb{}\u00bb]<\/p>\n<h3>Tarifas competitivas<\/h3>\n<p>Nuestros servicios regulares de lavander\u00eda comercial tienen precios competitivos por peso. Eso significa que puede ahorrar dinero y presupuesto de manera efectiva porque siempre sabe exactamente lo que le cobraremos. Despu\u00e9s de tener en cuenta los costos de mantenimiento y empleados, nuestros clientes a menudo descubren que subcontratar sus necesidades de lavado es m\u00e1s rentable que hacerlo internamente.<\/p>\n<p>[\/et_pb_text][\/et_pb_column][\/et_pb_row][et_pb_row column_structure=\u00bb1_2,1_2&#8243; _builder_version=\u00bb4.16&#8243; _module_preset=\u00bbdefault\u00bb global_colors_info=\u00bb{}\u00bb][et_pb_column type=\u00bb1_2&#8243; _builder_version=\u00bb4.16&#8243; _module_preset=\u00bbdefault\u00bb global_colors_info=\u00bb{}\u00bb][et_pb_text _builder_version=\u00bb4.27.4&#8243; _module_preset=\u00bbdefault\u00bb text_text_color=\u00bb#161414&#8243; text_font_size=\u00bb17px\u00bb header_3_font=\u00bbSalsa||||||||\u00bb header_3_text_align=\u00bbcenter\u00bb header_3_text_color=\u00bb#133547&#8243; header_3_font_size=\u00bb26px\u00bb use_background_color_gradient=\u00bbon\u00bb background_color_gradient_direction=\u00bb82deg\u00bb background_color_gradient_stops=\u00bb#ffffff 0%|#cceffc 100%\u00bb background_color_gradient_start=\u00bb#ffffff\u00bb background_color_gradient_end=\u00bb#cceffc\u00bb background_image=\u00bbhttps:\/\/www.washateriaworld.com\/wp-content\/uploads\/2021\/09\/aboutbg.png\u00bb background_size=\u00bbcontain\u00bb background_position=\u00bbcenter_left\u00bb text_orientation=\u00bbcenter\u00bb min_height=\u00bb340px\u00bb custom_padding=\u00bb40px|40px|40px|40px|true|true\u00bb hover_enabled=\u00bb0&#8243; border_radii=\u00bbon|2px|2px|2px|2px\u00bb border_width_all=\u00bb1px\u00bb border_color_all=\u00bb#caedfa\u00bb box_shadow_style=\u00bbpreset3&#8243; global_colors_info=\u00bb{}\u00bb sticky_enabled=\u00bb0&#8243;]<\/p>\n<h3>Tiempos de respuesta r\u00e1pidos<\/h3>\n<p>Dinos qu\u00e9 plazos de entrega necesitas para que tu empresa funcione sin problemas y desarrollaremos un calendario y una soluci\u00f3n que funcionen. En la mayor\u00eda de las situaciones, podemos entregar grandes pedidos de lavander\u00eda dentro de las 24 horas.<\/p>\n<p>[\/et_pb_text][\/et_pb_column][et_pb_column type=\u00bb1_2&#8243; _builder_version=\u00bb4.16&#8243; _module_preset=\u00bbdefault\u00bb global_colors_info=\u00bb{}\u00bb][et_pb_text admin_label=\u00bbText\u00bb _builder_version=\u00bb4.27.4&#8243; _module_preset=\u00bbdefault\u00bb text_text_color=\u00bb#161414&#8243; text_font_size=\u00bb17px\u00bb header_3_font=\u00bbSalsa||||||||\u00bb header_3_text_align=\u00bbcenter\u00bb header_3_text_color=\u00bb#133547&#8243; header_3_font_size=\u00bb26px\u00bb use_background_color_gradient=\u00bbon\u00bb background_color_gradient_direction=\u00bb82deg\u00bb background_color_gradient_stops=\u00bb#ffffff 0%|#cceffc 100%\u00bb background_color_gradient_start=\u00bb#ffffff\u00bb background_color_gradient_end=\u00bb#cceffc\u00bb background_image=\u00bbhttps:\/\/www.washateriaworld.com\/wp-content\/uploads\/2021\/09\/aboutbg.png\u00bb background_size=\u00bbcontain\u00bb background_position=\u00bbcenter_left\u00bb text_orientation=\u00bbcenter\u00bb min_height=\u00bb340px\u00bb custom_padding=\u00bb40px|40px|40px|40px|true|true\u00bb border_radii=\u00bbon|2px|2px|2px|2px\u00bb border_width_all=\u00bb1px\u00bb border_color_all=\u00bb#caedfa\u00bb box_shadow_style=\u00bbpreset3&#8243; global_colors_info=\u00bb{}\u00bb]<\/p>\n<h3>Una relaci\u00f3n sin complicaciones<\/h3>\n<p>Somos conocidos en todas las comunidades a las que servimos por ser amigables y orientados al servicio. Eso se extiende a la comunidad empresarial. Trabajamos arduamente para mantener cr\u00edticas positivas y el tipo correcto de reputaci\u00f3n. Eso significa brindarle la ropa m\u00e1s limpia, las tarifas m\u00e1s competitivas y el 100 % de satisfacci\u00f3n en todo momento.<\/p>\n<p>[\/et_pb_text][\/et_pb_column][\/et_pb_row][et_pb_row _builder_version=\u00bb4.16&#8243; _module_preset=\u00bbdefault\u00bb min_height=\u00bb3px\u00bb global_colors_info=\u00bb{}\u00bb][et_pb_column type=\u00bb4_4&#8243; _builder_version=\u00bb4.16&#8243; _module_preset=\u00bbdefault\u00bb global_colors_info=\u00bb{}\u00bb][et_pb_text _builder_version=\u00bb4.16&#8243; _module_preset=\u00bbdefault\u00bb text_text_color=\u00bb#161414&#8243; text_font_size=\u00bb17px\u00bb global_colors_info=\u00bb{}\u00bb]<\/p>\n<p><strong>\u00bfPreguntas?<\/strong><\/p>\n<p>El servicio es nuestra prioridad n\u00famero uno. Si tiene alguna pregunta sobre nuestras ubicaciones, equipos o servicios, puede ponerse en contacto con nosotros en el 281-302-4150. \u00a1Estaremos encantados de ayudar en todo lo que podamos!<\/p>\n<p>[\/et_pb_text][\/et_pb_column][\/et_pb_row][\/et_pb_section]<\/p>\n","protected":false},"excerpt":{"rendered":"<p>Servicios de lavander\u00eda comercialSi tiene un hotel, restaurante u otro negocio que genera mucha ropa, entonces podemos ayudarlo. Ofrecemos opciones de lavander\u00eda de servicio completo para docenas de tipos de negocios, incluidos alquileres de vacaciones, bed and breakfast, salones, spas y estudios de yoga. Deja que lavemos tus toallas, s\u00e1banas, s\u00e1banas o lo que necesites para que puedas concentrarte en tu negocio. &nbsp; &nbsp;Lavander\u00eda conveniente La mayor\u00eda de los due\u00f1os y gerentes de negocios aprenden r\u00e1pidamente que no es efectivo (o rentable) tener un peque\u00f1o personal operando lavadoras costosas y poco confiables las 24 horas del d\u00eda. Seamos realistas, las m\u00e1quinas se rompen con frecuencia y necesitan mantenimiento. Las llamadas de servicio t\u00e9cnico son costosas, consumen mucho tiempo y pueden ponerlo en un aprieto cuando necesite su ropa ahora. Podemos eliminar esas molestias de su vida y de su negocio para siempre.Tarifas competitivas Nuestros servicios regulares de lavander\u00eda comercial tienen precios competitivos por peso. Eso significa que puede ahorrar dinero y presupuesto de manera efectiva porque siempre sabe exactamente lo que le cobraremos. Despu\u00e9s de tener en cuenta los costos de mantenimiento y empleados, nuestros clientes a menudo descubren que subcontratar sus necesidades de lavado es m\u00e1s rentable que hacerlo [&hellip;]<\/p>\n","protected":false},"author":1,"featured_media":0,"parent":0,"menu_order":0,"comment_status":"closed","ping_status":"closed","template":"","meta":{"_et_pb_use_builder":"on","_et_pb_old_content":"","_et_gb_content_width":"","footnotes":""},"class_list":["post-1069","page","type-page","status-publish","hentry"],"_links":{"self":[{"href":"https:\/\/www.washateriaworld.com\/es\/wp-json\/wp\/v2\/pages\/1069","targetHints":{"allow":["GET"]}}],"collection":[{"href":"https:\/\/www.washateriaworld.com\/es\/wp-json\/wp\/v2\/pages"}],"about":[{"href":"https:\/\/www.washateriaworld.com\/es\/wp-json\/wp\/v2\/types\/page"}],"author":[{"embeddable":true,"href":"https:\/\/www.washateriaworld.com\/es\/wp-json\/wp\/v2\/users\/1"}],"replies":[{"embeddable":true,"href":"https:\/\/www.washateriaworld.com\/es\/wp-json\/wp\/v2\/comments?post=1069"}],"version-history":[{"count":0,"href":"https:\/\/www.washateriaworld.com\/es\/wp-json\/wp\/v2\/pages\/1069\/revisions"}],"wp:attachment":[{"href":"https:\/\/www.washateriaworld.com\/es\/wp-json\/wp\/v2\/media?parent=1069"}],"curies":[{"name":"wp","href":"https:\/\/api.w.org\/{rel}","templated":true}]}}